

{"id":105,"date":"2018-08-20T17:06:02","date_gmt":"2018-08-20T15:06:02","guid":{"rendered":"http:\/\/themenectar.com\/demo\/salient-ecommerce-creative\/?page_id=105"},"modified":"2022-06-22T11:51:37","modified_gmt":"2022-06-22T09:51:37","slug":"home","status":"publish","type":"page","link":"https:\/\/myboattripriviera.com\/en\/","title":{"rendered":"Home"},"content":{"rendered":"<div id=\"fws_69f18b4a1671d\"  data-column-margin=\"default\" data-midnight=\"dark\"  class=\"wpb_row vc_row-fluid vc_row full-width-content vc_row-o-equal-height vc_row-flex vc_row-o-content-top  nectar-overflow-hidden\"  style=\"padding-top: 0px; padding-bottom: 0px; \"><div class=\"row-bg-wrap\" data-bg-animation=\"none\" data-bg-overlay=\"false\"><div class=\"inner-wrap\"><div class=\"row-bg viewport-desktop using-bg-color\"  style=\"background-color: #ffffff; \"><\/div><\/div><\/div><div class=\"row_col_wrap_12 col span_12 dark left\">\n\t<div style=\"margin-top: 50px; margin-bottom: 50px; \" class=\"vc_col-sm-12 wpb_column column_container vc_column_container col centered-text padding-5-percent inherit_tablet inherit_phone\"  data-padding-pos=\"top\" data-has-bg-color=\"false\" data-bg-color=\"\" data-bg-opacity=\"1\" data-animation=\"\" data-delay=\"0\" >\n\t\t<div class=\"vc_column-inner\" >\n\t\t\t<div class=\"wpb_wrapper\">\n\t\t\t\t\n<div class=\"nectar-rotating-words-title  color_0f3a5f element_stagger_words\"  data-rotation=\"3000\" data-delay=\"none\" data-mobile=\"inline\">\n  <h1 class=\"heading\"><span class=\"beginning-text\"><span class=\"text-wrap\"><span class=\"inner\">You are<\/span><\/span> <span class=\"text-wrap\"><span class=\"inner\">looking for<\/span><\/span> <span class=\"text-wrap\"><span class=\"inner\">a<\/span><\/span> <span class=\"text-wrap\"><span class=\"inner\">yacht<\/span><\/span> <\/span>  <span class=\"dynamic-words\" data-inherit-heading-family=\"h1\">\n    <span class=\"text-wrap active\"><span><span>in Cannes ?<\/span><\/span><\/span><span class=\"text-wrap\"><span><span> in St-Tropez ? <\/span><\/span><\/span><span class=\"text-wrap\"><span><span> in Monaco ? <\/span><\/span><\/span><span class=\"text-wrap\"><span><span> in Corsica ?<\/span><\/span><\/span>  <\/span>\n  <\/h1>\n<\/div><div class=\"divider-wrap\" data-alignment=\"default\"><div style=\"margin-top: 12.5px; width: 20%px; height: 3px; margin-bottom: 12.5px;\" data-width=\"20%\" data-animate=\"yes\" data-animation-delay=\"150\" data-color=\"accent-color\" class=\"divider-small-border\"><\/div><\/div>\n\t\t\t<\/div> \n\t\t<\/div>\n\t<\/div> \n<\/div><\/div>\n\t\t<div id=\"fws_69f18b4a16cf6\"  data-column-margin=\"default\" data-midnight=\"dark\"  class=\"wpb_row vc_row-fluid vc_row\"  style=\"padding-top: 0px; padding-bottom: 0px; \"><div class=\"row-bg-wrap\" data-bg-animation=\"zoom-out-slow\" data-bg-overlay=\"false\"><div class=\"inner-wrap\"><div class=\"row-bg viewport-desktop\"  style=\"\"><\/div><\/div><\/div><div class=\"row_col_wrap_12 col span_12 dark left\">\n\t<div  class=\"vc_col-sm-3 wpb_column column_container vc_column_container col no-extra-padding inherit_tablet inherit_phone\"  data-padding-pos=\"all\" data-has-bg-color=\"false\" data-bg-color=\"\" data-bg-opacity=\"1\" data-animation=\"\" data-delay=\"0\" >\n\t\t<div class=\"vc_column-inner\" >\n\t\t\t<div class=\"wpb_wrapper\">\n\t\t\t\t<div class=\"nectar-flip-box\" data-min-height=\"400\" data-flip-direction=\"vertical-to-top\" data-h_text_align=\"center\" data-v_text_align=\"center\"><div class=\"flip-box-front\"  data-bg-overlay=\"true\" data-text-color=\"light\" style=\"background-image: url('https:\/\/myboattripriviera.com\/wp-content\/uploads\/2022\/06\/059-2.jpg'); background-color: rgba(10,10,10,0.8); min-height: 400px;\"> <div class=\"inner\"><i class=\"icon-default-style fa fa-map-marker\" data-color=\"extra-color-2\" style=\"font-size: 60px!important; line-height: 60px!important;\"><\/i>MONACO - NICE<\/div> <\/div><div class=\"flip-box-back\"  data-bg-overlay=\"true\" data-text-color=\"light\" style=\"background-image: url('https:\/\/myboattripriviera.com\/wp-content\/uploads\/2022\/06\/3cb45f6e59190e8213ce0a35394d0e11-nice-scaled.jpg'); background-color: rgba(10,10,10,0.8); min-height: 400px;\"> <div class=\"inner\">\n<h3 style=\"text-align: center;\"><a style=\"color: #fff;\" href=\"https:\/\/myboattripriviera.com\/en\/catalogue\/?wpf_filter_cat_list_0=75\">Read more<\/a><\/h3>\n<\/div> <\/div><\/div>\n\t\t\t<\/div> \n\t\t<\/div>\n\t<\/div> \n\n\t<div  class=\"vc_col-sm-3 wpb_column column_container vc_column_container col no-extra-padding inherit_tablet inherit_phone\"  data-padding-pos=\"all\" data-has-bg-color=\"false\" data-bg-color=\"\" data-bg-opacity=\"1\" data-animation=\"\" data-delay=\"0\" >\n\t\t<div class=\"vc_column-inner\" >\n\t\t\t<div class=\"wpb_wrapper\">\n\t\t\t\t<div class=\"nectar-flip-box\" data-min-height=\"400\" data-flip-direction=\"vertical-to-top\" data-h_text_align=\"center\" data-v_text_align=\"center\"><div class=\"flip-box-front\"  data-bg-overlay=\"true\" data-text-color=\"light\" style=\"background-image: url('https:\/\/myboattripriviera.com\/wp-content\/uploads\/2022\/06\/044-2.jpg'); background-color: rgba(10,10,10,0.8); min-height: 400px;\"> <div class=\"inner\"><i class=\"icon-default-style fa fa-map-marker\" data-color=\"extra-color-2\" style=\"font-size: 60px!important; line-height: 60px!important;\"><\/i>ANTIBES - CANNES<\/div> <\/div><div class=\"flip-box-back\"  data-bg-overlay=\"true\" data-text-color=\"light\" style=\"background-image: url('https:\/\/myboattripriviera.com\/wp-content\/uploads\/2022\/06\/cover-cannes-shopping-1920x1080-1-1920x960-1.jpg'); background-color: rgba(10,10,10,0.8); min-height: 400px;\"> <div class=\"inner\">\n<h3 style=\"text-align: center;\"><a style=\"color: #fff;\" href=\"https:\/\/myboattripriviera.com\/en\/catalogue\/?wpf_filter_cat_list_0=71\">Read more<\/a><\/h3>\n<\/div> <\/div><\/div>\n\t\t\t<\/div> \n\t\t<\/div>\n\t<\/div> \n\n\t<div  class=\"vc_col-sm-3 wpb_column column_container vc_column_container col no-extra-padding inherit_tablet inherit_phone\"  data-padding-pos=\"all\" data-has-bg-color=\"false\" data-bg-color=\"\" data-bg-opacity=\"1\" data-animation=\"\" data-delay=\"0\" >\n\t\t<div class=\"vc_column-inner\" >\n\t\t\t<div class=\"wpb_wrapper\">\n\t\t\t\t<div class=\"nectar-flip-box\" data-min-height=\"400\" data-flip-direction=\"vertical-to-top\" data-h_text_align=\"center\" data-v_text_align=\"center\"><div class=\"flip-box-front\"  data-bg-overlay=\"true\" data-text-color=\"light\" style=\"background-image: url('https:\/\/myboattripriviera.com\/wp-content\/uploads\/2022\/06\/049.jpg'); background-color: rgba(10,10,10,0.8); min-height: 400px;\"> <div class=\"inner\"><i class=\"icon-default-style fa fa-map-marker\" data-color=\"extra-color-2\" style=\"font-size: 60px!important; line-height: 60px!important;\"><\/i>SAINT-TROPEZ<\/div> <\/div><div class=\"flip-box-back\"  data-bg-overlay=\"true\" data-text-color=\"light\" style=\"background-image: url('https:\/\/myboattripriviera.com\/wp-content\/uploads\/2022\/06\/saint-tropez.jpg'); background-color: #0a0a0a; min-height: 400px;\"> <div class=\"inner\">\n<h3 style=\"text-align: center;\"><a style=\"color: #fff;\" href=\"https:\/\/myboattripriviera.com\/en\/catalogue\/?wpf_filter_cat_list_0=105\">Read more<\/a><\/h3>\n<\/div> <\/div><\/div>\n\t\t\t<\/div> \n\t\t<\/div>\n\t<\/div> \n\n\t<div  class=\"vc_col-sm-3 wpb_column column_container vc_column_container col no-extra-padding inherit_tablet inherit_phone\"  data-padding-pos=\"all\" data-has-bg-color=\"false\" data-bg-color=\"\" data-bg-opacity=\"1\" data-animation=\"\" data-delay=\"0\" >\n\t\t<div class=\"vc_column-inner\" >\n\t\t\t<div class=\"wpb_wrapper\">\n\t\t\t\t<div class=\"nectar-flip-box\" data-min-height=\"400\" data-flip-direction=\"vertical-to-top\" data-h_text_align=\"center\" data-v_text_align=\"center\"><div class=\"flip-box-front\"  data-bg-overlay=\"true\" data-text-color=\"light\" style=\"background-image: url('https:\/\/myboattripriviera.com\/wp-content\/uploads\/2022\/06\/060-2-scaled.jpg'); background-color: rgba(10,10,10,0.8); min-height: 400px;\"> <div class=\"inner\"><i class=\"icon-default-style fa fa-map-marker\" data-color=\"extra-color-2\" style=\"font-size: 60px!important; line-height: 60px!important;\"><\/i>CORSICA<\/div> <\/div><div class=\"flip-box-back\"  data-bg-overlay=\"true\" data-text-color=\"light\" style=\"background-image: url('https:\/\/myboattripriviera.com\/wp-content\/uploads\/2022\/06\/Portocervoharbour.jpg'); background-color: rgba(10,10,10,0.8); min-height: 400px;\"> <div class=\"inner\">\n<h3 style=\"text-align: center;\"><a style=\"color: #fff;\" href=\"https:\/\/myboattripriviera.com\/en\/catalogue\/?wpf_filter_cat_list_0=77\">Read more<\/a><\/h3>\n<\/div> <\/div><\/div>\n\t\t\t<\/div> \n\t\t<\/div>\n\t<\/div> \n<\/div><\/div>\n\t\t<div id=\"fws_69f18b4a18bb4\"  data-column-margin=\"default\" data-midnight=\"dark\"  class=\"wpb_row vc_row-fluid vc_row\"  style=\"padding-top: 0px; padding-bottom: 0px; \"><div class=\"row-bg-wrap\" data-bg-animation=\"none\" data-bg-overlay=\"false\"><div class=\"inner-wrap\"><div class=\"row-bg viewport-desktop\"  style=\"\"><\/div><\/div><\/div><div class=\"row_col_wrap_12 col span_12 dark left\">\n\t<div style=\"margin-top: 150px; \" class=\"vc_col-sm-12 wpb_column column_container vc_column_container col centered-text has-animation no-extra-padding inherit_tablet inherit_phone\"  data-padding-pos=\"all\" data-has-bg-color=\"false\" data-bg-color=\"\" data-bg-opacity=\"1\" data-animation=\"fade-in\" data-delay=\"0\" >\n\t\t<div class=\"vc_column-inner\" >\n\t\t\t<div class=\"wpb_wrapper\">\n\t\t\t\t\n<div class=\"nectar-rotating-words-title  color_0f3a5f element_stagger_words\"  data-rotation=\"3000\" data-delay=\"none\" data-mobile=\"inline\">\n  <h1 class=\"heading\"><span class=\"beginning-text\"><span class=\"text-wrap\"><span class=\"inner\">Destinations<\/span><\/span> <\/span>  <span class=\"dynamic-words\" data-inherit-heading-family=\"h1\">\n    <span class=\"text-wrap active\"><span><span><\/span><\/span><\/span>  <\/span>\n  <\/h1>\n<\/div><div class=\"divider-wrap\" data-alignment=\"default\"><div style=\"margin-top: 12.5px; width: 20%px; height: 3px; margin-bottom: 12.5px;\" data-width=\"20%\" data-animate=\"yes\" data-animation-delay=\"150\" data-color=\"accent-color\" class=\"divider-small-border\"><\/div><\/div>\n\t\t\t<\/div> \n\t\t<\/div>\n\t<\/div> \n<\/div><\/div>\n\t\t<div id=\"fws_69f18b4a18d80\"  data-column-margin=\"default\" data-midnight=\"light\"  class=\"wpb_row vc_row-fluid vc_row vc_row-o-full-height vc_row-o-columns-stretch vc_row-o-equal-height vc_row-flex vc_row-o-content-middle\"  style=\"padding-top: 0px; padding-bottom: 0px; \"><div class=\"row-bg-wrap\" data-bg-animation=\"none\" data-bg-overlay=\"false\"><div class=\"inner-wrap\"><div class=\"row-bg viewport-desktop\"  style=\"\"><\/div><\/div><\/div><div class=\"row_col_wrap_12 col span_12 light left\">\n\t<div style=\"\" class=\"vc_col-sm-3 wpb_column column_container vc_column_container col centered-text has-animation no-extra-padding right_margin_0px left_margin_0px inherit_tablet inherit_phone\" data-using-bg=\"true\" data-bg-cover=\"true\" data-padding-pos=\"all\" data-has-bg-color=\"true\" data-bg-color=\"#2d2d2d\" data-bg-opacity=\"0.5\" data-hover-bg=\"#000000\" data-hover-bg-opacity=\"0.7\" data-animation=\"grow-in\" data-delay=\"0\" >\n\t\t<div class=\"vc_column-inner\" ><div class=\"column-image-bg-wrap column-bg-layer viewport-desktop\" data-bg-pos=\"center center\" data-bg-animation=\"none\" data-bg-overlay=\"false\"><div class=\"inner-wrap\"><div class=\"column-image-bg\" style=\" background-image: url('https:\/\/myboattripriviera.com\/wp-content\/uploads\/2022\/05\/monaco-gcb6df860a_1920.jpg'); \"><\/div><\/div><\/div><div class=\"column-bg-overlay-wrap column-bg-layer\" data-bg-animation=\"none\"><div class=\"column-bg-overlay\" style=\"opacity: 0.5; background-color: #2d2d2d;\"><\/div><\/div>\n\t\t\t<div class=\"wpb_wrapper\">\n\t\t\t\t<h4 style=\"text-align: center\" class=\"vc_custom_heading\" >MONACO<\/h4><a class=\"nectar-button medium see-through-2\"  style=\"margin-top: 25px; \"  href=\"https:\/\/myboattripriviera.com\/en\/destinations\/#dest-1\" data-color-override=\"false\" data-hover-color-override=\"false\" data-hover-text-color-override=\"#ffffff\"><span>Discover<\/span><\/a>\n\t\t\t<\/div> \n\t\t<\/div>\n\t<\/div> \n\n\t<div style=\"\" class=\"vc_col-sm-3 wpb_column column_container vc_column_container col centered-text has-animation no-extra-padding right_margin_0px left_margin_0px inherit_tablet inherit_phone\" data-using-bg=\"true\" data-bg-cover=\"true\" data-padding-pos=\"all\" data-has-bg-color=\"true\" data-bg-color=\"#0a0a0a\" data-bg-opacity=\"0.5\" data-hover-bg=\"#0a0a0a\" data-hover-bg-opacity=\"0.7\" data-animation=\"grow-in\" data-delay=\"50\" >\n\t\t<div class=\"vc_column-inner\" ><div class=\"column-image-bg-wrap column-bg-layer viewport-desktop\" data-bg-pos=\"center center\" data-bg-animation=\"none\" data-bg-overlay=\"false\"><div class=\"inner-wrap\"><div class=\"column-image-bg\" style=\" background-image: url('https:\/\/myboattripriviera.com\/wp-content\/uploads\/2022\/05\/saint-tropez-gafa3cadf0_1920.jpg'); \"><\/div><\/div><\/div><div class=\"column-bg-overlay-wrap column-bg-layer\" data-bg-animation=\"none\"><div class=\"column-bg-overlay\" style=\"opacity: 0.5; background-color: #0a0a0a;\"><\/div><\/div>\n\t\t\t<div class=\"wpb_wrapper\">\n\t\t\t\t<h4 style=\"text-align: center\" class=\"vc_custom_heading\" >SAINT TROPEZ<\/h4><a class=\"nectar-button medium see-through-2\"  style=\"margin-top: 25px; \"  href=\"https:\/\/myboattripriviera.com\/en\/destinations\/#dest-2\" data-color-override=\"false\" data-hover-color-override=\"false\" data-hover-text-color-override=\"#ffffff\"><span>Discover<\/span><\/a>\n\t\t\t<\/div> \n\t\t<\/div>\n\t<\/div> \n\n\t<div style=\"\" class=\"vc_col-sm-3 wpb_column column_container vc_column_container col centered-text has-animation no-extra-padding inherit_tablet inherit_phone\" data-using-bg=\"true\" data-bg-cover=\"true\" data-padding-pos=\"all\" data-has-bg-color=\"true\" data-bg-color=\"#2d2d2d\" data-bg-opacity=\"0.5\" data-hover-bg=\"#0a0a0a\" data-hover-bg-opacity=\"0.7\" data-animation=\"grow-in\" data-delay=\"100\" >\n\t\t<div class=\"vc_column-inner\" ><div class=\"column-image-bg-wrap column-bg-layer viewport-desktop\" data-bg-pos=\"center center\" data-bg-animation=\"none\" data-bg-overlay=\"false\"><div class=\"inner-wrap\"><div class=\"column-image-bg\" style=\" background-image: url('https:\/\/myboattripriviera.com\/wp-content\/uploads\/2022\/06\/boat-g5902ee1aa_1920.jpg'); \"><\/div><\/div><\/div><div class=\"column-bg-overlay-wrap column-bg-layer\" data-bg-animation=\"none\"><div class=\"column-bg-overlay\" style=\"opacity: 0.5; background-color: #2d2d2d;\"><\/div><\/div>\n\t\t\t<div class=\"wpb_wrapper\">\n\t\t\t\t<h4 style=\"text-align: center\" class=\"vc_custom_heading\" >CANNES<\/h4><a class=\"nectar-button medium see-through-2\"  style=\"margin-top: 25px; \"  href=\"https:\/\/myboattripriviera.com\/en\/destinations\/#dest-3\" data-color-override=\"false\" data-hover-color-override=\"false\" data-hover-text-color-override=\"#ffffff\"><span>Discover<\/span><\/a>\n\t\t\t<\/div> \n\t\t<\/div>\n\t<\/div> \n\n\t<div style=\"\" class=\"vc_col-sm-3 wpb_column column_container vc_column_container col centered-text has-animation no-extra-padding right_margin_0px left_margin_0px inherit_tablet inherit_phone\" data-using-bg=\"true\" data-bg-cover=\"true\" data-padding-pos=\"left-right\" data-has-bg-color=\"true\" data-bg-color=\"#0a0a0a\" data-bg-opacity=\"0.5\" data-hover-bg=\"#0a0a0a\" data-hover-bg-opacity=\"0.7\" data-animation=\"grow-in\" data-delay=\"0\" >\n\t\t<div class=\"vc_column-inner\" ><div class=\"column-image-bg-wrap column-bg-layer viewport-desktop\" data-bg-pos=\"center center\" data-bg-animation=\"none\" data-bg-overlay=\"false\"><div class=\"inner-wrap\"><div class=\"column-image-bg\" style=\" background-image: url('https:\/\/myboattripriviera.com\/wp-content\/uploads\/2022\/06\/benjamin-lecomte-pZAqQuJNnow-unsplash-scaled.jpg'); \"><\/div><\/div><\/div><div class=\"column-bg-overlay-wrap column-bg-layer\" data-bg-animation=\"none\"><div class=\"column-bg-overlay\" style=\"opacity: 0.5; background-color: #0a0a0a;\"><\/div><\/div>\n\t\t\t<div class=\"wpb_wrapper\">\n\t\t\t\t<h4 style=\"text-align: center\" class=\"vc_custom_heading\" >PORQUEROLLES<\/h4><a class=\"nectar-button medium see-through-2\"  style=\"margin-top: 25px; \"  href=\"https:\/\/myboattripriviera.com\/en\/destinations\/#dest-4\" data-color-override=\"false\" data-hover-color-override=\"false\" data-hover-text-color-override=\"#ffffff\"><span>Discover<\/span><\/a>\n\t\t\t<\/div> \n\t\t<\/div>\n\t<\/div> \n<\/div><\/div>","protected":false},"excerpt":{"rendered":"Vous recherchez un yacht \u00e0 Cannes ? \u00e0 St-Tropez ? \u00e0 Monaco ? en Corse ? MONACO - NICE En savoir plus ANTIBES - CANNES...","protected":false},"author":1,"featured_media":0,"parent":0,"menu_order":0,"comment_status":"closed","ping_status":"closed","template":"","meta":[],"acf":[],"_links":{"self":[{"href":"https:\/\/myboattripriviera.com\/en\/wp-json\/wp\/v2\/pages\/105"}],"collection":[{"href":"https:\/\/myboattripriviera.com\/en\/wp-json\/wp\/v2\/pages"}],"about":[{"href":"https:\/\/myboattripriviera.com\/en\/wp-json\/wp\/v2\/types\/page"}],"author":[{"embeddable":true,"href":"https:\/\/myboattripriviera.com\/en\/wp-json\/wp\/v2\/users\/1"}],"replies":[{"embeddable":true,"href":"https:\/\/myboattripriviera.com\/en\/wp-json\/wp\/v2\/comments?post=105"}],"version-history":[{"count":78,"href":"https:\/\/myboattripriviera.com\/en\/wp-json\/wp\/v2\/pages\/105\/revisions"}],"predecessor-version":[{"id":3582,"href":"https:\/\/myboattripriviera.com\/en\/wp-json\/wp\/v2\/pages\/105\/revisions\/3582"}],"wp:attachment":[{"href":"https:\/\/myboattripriviera.com\/en\/wp-json\/wp\/v2\/media?parent=105"}],"curies":[{"name":"wp","href":"https:\/\/api.w.org\/{rel}","templated":true}]}}