

{"id":6544,"date":"2025-06-27T14:49:02","date_gmt":"2025-06-27T12:49:02","guid":{"rendered":"https:\/\/myboattripriviera.com\/?post_type=product&#038;p=6544"},"modified":"2025-06-30T11:57:26","modified_gmt":"2025-06-30T09:57:26","slug":"rizzardi-14m-11-passagers","status":"publish","type":"product","link":"https:\/\/myboattripriviera.com\/en\/product\/rizzardi-14m-11-passagers\/","title":{"rendered":"RIZZARDI &#8211; 14M &#8211; 9 Passagers*"},"content":{"rendered":"<div id=\"fws_69f1a08004bc5\"  data-column-margin=\"default\" data-midnight=\"#fff\"  class=\"wpb_row vc_row-fluid vc_row\"  style=\"padding-top: 0px; padding-bottom: 0px; \"><div class=\"row-bg-wrap\" data-bg-animation=\"none\" data-bg-overlay=\"false\"><div class=\"inner-wrap\"><div class=\"row-bg viewport-desktop\"  style=\"\"><\/div><\/div><\/div><div class=\"row_col_wrap_12 col span_12 #fff left\">\n\t<div  class=\"vc_col-sm-12 wpb_column column_container vc_column_container col padding-1-percent inherit_tablet inherit_phone\"  data-border-animation=\"true\" data-border-animation-delay=\"\" data-border-width=\"1px\" data-border-style=\"solid\" data-border-color=\"#0a0a0a\" data-padding-pos=\"all\" data-has-bg-color=\"false\" data-bg-color=\"\" data-bg-opacity=\"1\" data-animation=\"\" data-delay=\"0\" >\n\t\t<div class=\"vc_column-inner\" style=\"border: 1px solid rgba(255,255,255,0); \"><span class=\"border-wrap\" style=\"border-color: #0a0a0a;\"><span class=\"border-top\"><\/span><span class=\"border-right\"><\/span><span class=\"border-bottom\"><\/span><span class=\"border-left\"><\/span><\/span>\n\t\t\t<div class=\"wpb_wrapper\">\n\t\t\t\t<div class=\"nectar-icon-list\" data-icon-color=\"default\" data-icon-style=\"border\" data-columns=\"3\" data-direction=\"vertical\" data-icon-size=\"small\" data-animate=\"true\"><div class=\"nectar-icon-list-item\"><div class=\"list-icon-holder\" data-icon_type=\"icon\"><i class=\"icon-default-style fa fa-anchor\" data-color=\"default\"><\/i><\/div><div class=\"content\"><h4><\/h4><strong>Builder: <\/strong>Rizzardi<\/p>\n<p><strong>Length:<\/strong> 14,8m | <strong>Beam:<\/strong> 4,4<\/p>\n<p><strong>Cabins:<\/strong> 3<\/div><\/div><div class=\"nectar-icon-list-item\"><div class=\"list-icon-holder\" data-icon_type=\"icon\"><i class=\"icon-default-style fa fa-users\" data-color=\"default\"><\/i><\/div><div class=\"content\"><h4><\/h4><strong>Guests Cruising:<\/strong> 11<\/p>\n<p><strong>Guests Sleeping:<\/strong> 6<\/p>\n<p><strong>Crew:<\/strong> 1<\/div><\/div><div class=\"nectar-icon-list-item\"><div class=\"list-icon-holder\" data-icon_type=\"icon\"><i class=\"icon-default-style fa fa-cogs\" data-color=\"default\"><\/i><\/div><div class=\"content\"><h4><\/h4><strong>Cruising speed:<\/strong> 25 knots<\/p>\n<p><strong>Fuel consumption:<\/strong> : 200 L\/H<\/p>\n<p><strong>&#8211;<\/strong> : 003<\/div><\/div><\/div>\n\t\t\t<\/div> \n\t\t<\/div>\n\t<\/div> \n<\/div><\/div>","protected":false},"excerpt":{"rendered":"<p><strong>Price per day: <\/strong>\u20ac \/ VAT Paid + Fuel<\/p>\n<pre id=\"tw-target-text\" class=\"tw-data-text tw-text-large tw-ta\" dir=\"ltr\" data-placeholder=\"Traduction\" data-ved=\"2ahUKEwjLq4S2xPqNAxVpdqQEHZEBE8YQ3ewLegQICRAV\" aria-label=\"Texte traduit\u00a0: Location \u00e0 la journ\u00e9e jusqu'\u00e0 12 personnes\u00a0: 6\u00a0900\u00a0\u20ac + TVA + APA \u2022 Location \u00e0 la journ\u00e9e de 13 \u00e0 25 personnes\u00a0: 8\u00a0250\u00a0\u20ac + TVA + APA \u2022 Location \u00e0 la journ\u00e9e de 26 \u00e0 40 personnes\u00a0: 10\u00a0000\u00a0\u20ac + TVA + APA\"><\/pre>\n<p>&nbsp;<\/p>","protected":false},"featured_media":6535,"template":"","meta":[],"product_cat":[75,71],"product_tag":[],"acf":[],"_links":{"self":[{"href":"https:\/\/myboattripriviera.com\/en\/wp-json\/wp\/v2\/product\/6544"}],"collection":[{"href":"https:\/\/myboattripriviera.com\/en\/wp-json\/wp\/v2\/product"}],"about":[{"href":"https:\/\/myboattripriviera.com\/en\/wp-json\/wp\/v2\/types\/product"}],"wp:featuredmedia":[{"embeddable":true,"href":"https:\/\/myboattripriviera.com\/en\/wp-json\/wp\/v2\/media\/6535"}],"wp:attachment":[{"href":"https:\/\/myboattripriviera.com\/en\/wp-json\/wp\/v2\/media?parent=6544"}],"wp:term":[{"taxonomy":"product_cat","embeddable":true,"href":"https:\/\/myboattripriviera.com\/en\/wp-json\/wp\/v2\/product_cat?post=6544"},{"taxonomy":"product_tag","embeddable":true,"href":"https:\/\/myboattripriviera.com\/en\/wp-json\/wp\/v2\/product_tag?post=6544"}],"curies":[{"name":"wp","href":"https:\/\/api.w.org\/{rel}","templated":true}]}}