

{"id":6552,"date":"2025-06-30T11:31:13","date_gmt":"2025-06-30T09:31:13","guid":{"rendered":"https:\/\/myboattripriviera.com\/?post_type=product&#038;p=6552"},"modified":"2025-07-09T13:14:13","modified_gmt":"2025-07-09T11:14:13","slug":"sunset-boat-10-12-passagers","status":"publish","type":"product","link":"https:\/\/myboattripriviera.com\/en\/product\/sunset-boat-10-12-passagers\/","title":{"rendered":"SUNSET BOAT- 10\/12 Passagers"},"content":{"rendered":"<div id=\"fws_69f1a082ef6ac\"  data-column-margin=\"default\" data-midnight=\"#fff\"  class=\"wpb_row vc_row-fluid vc_row\"  style=\"padding-top: 0px; padding-bottom: 0px; \"><div class=\"row-bg-wrap\" data-bg-animation=\"none\" data-bg-overlay=\"false\"><div class=\"inner-wrap\"><div class=\"row-bg viewport-desktop\"  style=\"\"><\/div><\/div><\/div><div class=\"row_col_wrap_12 col span_12 #fff left\">\n\t<div  class=\"vc_col-sm-12 wpb_column column_container vc_column_container col padding-1-percent inherit_tablet inherit_phone\"  data-border-animation=\"true\" data-border-animation-delay=\"\" data-border-width=\"1px\" data-border-style=\"solid\" data-border-color=\"#0a0a0a\" data-padding-pos=\"all\" data-has-bg-color=\"false\" data-bg-color=\"\" data-bg-opacity=\"1\" data-animation=\"\" data-delay=\"0\" >\n\t\t<div class=\"vc_column-inner\" style=\"border: 1px solid rgba(255,255,255,0); \"><span class=\"border-wrap\" style=\"border-color: #0a0a0a;\"><span class=\"border-top\"><\/span><span class=\"border-right\"><\/span><span class=\"border-bottom\"><\/span><span class=\"border-left\"><\/span><\/span>\n\t\t\t<div class=\"wpb_wrapper\">\n\t\t\t\t<div class=\"nectar-icon-list\" data-icon-color=\"default\" data-icon-style=\"border\" data-columns=\"3\" data-direction=\"vertical\" data-icon-size=\"small\" data-animate=\"true\"><div class=\"nectar-icon-list-item\"><div class=\"list-icon-holder\" data-icon_type=\"icon\"><i class=\"icon-default-style fa fa-anchor\" data-color=\"default\"><\/i><\/div><div class=\"content\"><h4><\/h4>\n<div>\n<div>\n<div>\n<p><strong>AICON 64 FLY :<\/strong><\/p>\n<\/div>\n<div>\n<p><strong>Longueur :<\/strong> 21.00 m |<strong> Largeur :<\/strong> 5.28 m<\/p>\n<\/div>\n<div>\n<p><strong>Passagers :<\/strong> 12<\/p>\n<\/div>\n<div>\n<p><strong>PRINCESS V55 :<\/strong><\/p>\n<\/div>\n<div>\n<p><strong>Longueur<\/strong> <strong>:<\/strong> 17.00 m | <strong>Largeur :<\/strong> 4.27 m<\/p>\n<\/div>\n<div>\n<p><strong>Passagers<\/strong> <strong>:<\/strong> 10<\/p>\n<\/div>\n<div>\n<p><strong>SEALINE 42 :<\/strong><\/p>\n<\/div>\n<div>\n<p><strong>Longueur :<\/strong> 12.88 m | <strong>Largeur<\/strong> <strong>:<\/strong> 4.06 m<\/p>\n<\/div>\n<div>\n<p><strong>Passagers :<\/strong> 10<\/p>\n<\/div>\n<\/div>\n<\/div>\n<\/div><\/div><div class=\"nectar-icon-list-item\"><div class=\"list-icon-holder\" data-icon_type=\"icon\"><i class=\"icon-default-style fa fa-users\" data-color=\"default\"><\/i><\/div><div class=\"content\"><h4><\/h4><\/div><\/div><div class=\"nectar-icon-list-item\"><div class=\"list-icon-holder\" data-icon_type=\"icon\"><i class=\"icon-default-style fa fa-cogs\" data-color=\"default\"><\/i><\/div><div class=\"content\"><h4><\/h4><\/div><\/div><\/div>\n\t\t\t<\/div> \n\t\t<\/div>\n\t<\/div> \n<\/div><\/div>","protected":false},"excerpt":{"rendered":"<div>\n<div>\n<div>\n<p><strong>AICON 64 FLY :<\/strong> \u20ac 1 900 VAT Paid + Fuel<\/p>\n<\/div>\n<div>\n<p><strong>PRINCESS V55 :<\/strong> 1 400 \u20ac TTC + Carburant<\/p>\n<\/div>\n<div>\n<p><strong>SEALINE 42 :<\/strong> 900 \u20ac TTC + Carburant<\/p>\n<\/div>\n<div>\n<p>COUCHER DE SOLEIL DE <strong>19H <\/strong>\u00c0<strong> 21H30<\/strong><\/p>\n<\/div>\n<\/div>\n<\/div>\n<pre id=\"tw-target-text\" class=\"tw-data-text tw-text-large tw-ta\" dir=\"ltr\" data-placeholder=\"Traduction\" data-ved=\"2ahUKEwjLq4S2xPqNAxVpdqQEHZEBE8YQ3ewLegQICRAV\" aria-label=\"Texte traduit\u00a0: Location \u00e0 la journ\u00e9e jusqu'\u00e0 12 personnes\u00a0: 6\u00a0900\u00a0\u20ac + TVA + APA \u2022 Location \u00e0 la journ\u00e9e de 13 \u00e0 25 personnes\u00a0: 8\u00a0250\u00a0\u20ac + TVA + APA \u2022 Location \u00e0 la journ\u00e9e de 26 \u00e0 40 personnes\u00a0: 10\u00a0000\u00a0\u20ac + TVA + APA\"><\/pre>\n<p>&nbsp;<\/p>","protected":false},"featured_media":6573,"template":"","meta":[],"product_cat":[105],"product_tag":[],"acf":[],"_links":{"self":[{"href":"https:\/\/myboattripriviera.com\/en\/wp-json\/wp\/v2\/product\/6552"}],"collection":[{"href":"https:\/\/myboattripriviera.com\/en\/wp-json\/wp\/v2\/product"}],"about":[{"href":"https:\/\/myboattripriviera.com\/en\/wp-json\/wp\/v2\/types\/product"}],"wp:featuredmedia":[{"embeddable":true,"href":"https:\/\/myboattripriviera.com\/en\/wp-json\/wp\/v2\/media\/6573"}],"wp:attachment":[{"href":"https:\/\/myboattripriviera.com\/en\/wp-json\/wp\/v2\/media?parent=6552"}],"wp:term":[{"taxonomy":"product_cat","embeddable":true,"href":"https:\/\/myboattripriviera.com\/en\/wp-json\/wp\/v2\/product_cat?post=6552"},{"taxonomy":"product_tag","embeddable":true,"href":"https:\/\/myboattripriviera.com\/en\/wp-json\/wp\/v2\/product_tag?post=6552"}],"curies":[{"name":"wp","href":"https:\/\/api.w.org\/{rel}","templated":true}]}}